{"id":5,"date":"2022-10-03T09:58:01","date_gmt":"2022-10-03T07:58:01","guid":{"rendered":"http:\/\/librairielebazarutopique.fr\/?page_id=5"},"modified":"2022-10-20T11:24:52","modified_gmt":"2022-10-20T09:24:52","slug":"creez-votre-site-avec-des-blocs","status":"publish","type":"page","link":"https:\/\/librairielebazarutopique.fr\/","title":{"rendered":""},"content":{"rendered":"\n<h2 class=\"alignwide has-text-align-wide has-gigantic-font-size wp-block-heading\" style=\"line-height:1.1\"><\/h2>\n\n\n\n<div class=\"wp-block-columns is-layout-flex wp-container-core-columns-is-layout-28f84493 wp-block-columns-is-layout-flex\">\n<div class=\"wp-block-column is-layout-flow wp-block-column-is-layout-flow\" style=\"flex-basis:100%\">\n<div style=\"height:100px\" aria-hidden=\"true\" class=\"wp-block-spacer\"><\/div>\n\n\n\n<div class=\"wp-block-group is-layout-flow wp-block-group-is-layout-flow\" style=\"padding-top:0.5rem;padding-right:0.5rem;padding-bottom:0.5rem;padding-left:0.5rem\">\n<div class=\"wp-block-query is-layout-flow wp-block-query-is-layout-flow\"><ul class=\"is-flex-container columns-2 wp-block-post-template is-layout-flow wp-block-post-template-is-layout-flow\"><li class=\"wp-block-post post-812 post type-post status-publish format-standard has-post-thumbnail hentry category-actualites\">\n\n<div class=\"wp-block-group is-layout-flow wp-block-group-is-layout-flow\"><figure style=\"height:25vh;\" class=\"wp-block-post-featured-image\"><a href=\"https:\/\/librairielebazarutopique.fr\/index.php\/2026\/03\/27\/rencontre-dedicace-avec-pinar-selek\/\" target=\"_self\"  style=\"height:25vh\"><img loading=\"lazy\" decoding=\"async\" width=\"726\" height=\"534\" src=\"https:\/\/librairielebazarutopique.fr\/wp-content\/uploads\/2026\/03\/2025_photo_Selek-@D.R.jpeg\" class=\"attachment-post-thumbnail size-post-thumbnail wp-post-image\" alt=\"Rencontre d\u00e9dicace avec Pinar Selek\" style=\"height:25vh;object-fit:cover;\" srcset=\"https:\/\/librairielebazarutopique.fr\/wp-content\/uploads\/2026\/03\/2025_photo_Selek-@D.R.jpeg 726w, https:\/\/librairielebazarutopique.fr\/wp-content\/uploads\/2026\/03\/2025_photo_Selek-@D.R-300x221.jpeg 300w\" sizes=\"auto, (max-width: 726px) 100vw, 726px\" \/><\/a><\/figure>\n\n<h2 class=\"wp-block-post-title\"><a href=\"https:\/\/librairielebazarutopique.fr\/index.php\/2026\/03\/27\/rencontre-dedicace-avec-pinar-selek\/\" target=\"_self\" >Rencontre d\u00e9dicace avec Pinar Selek<\/a><\/h2>\n\n\n<div class=\"wp-block-group has-gray-color has-text-color is-layout-flex wp-container-core-group-is-layout-b5930431 wp-block-group-is-layout-flex\" style=\"margin-top:0.75rem\"><div class=\"has-link-color wp-elements-9bd9074ee846ec112305f0fe352da13e wp-block-post-date\"><time datetime=\"2026-03-27T16:54:24+01:00\"><a href=\"https:\/\/librairielebazarutopique.fr\/index.php\/2026\/03\/27\/rencontre-dedicace-avec-pinar-selek\/\">27 March 2026<\/a><\/time><\/div>\n\n\n<p>\u2013<\/p>\n\n\n<div class=\"wp-block-post-author\"><div class=\"wp-block-post-author__content\"><p class=\"wp-block-post-author__name\">admin8858<\/p><\/div><\/div>\n\n\n<p>\u2013<\/p>\n\n\n<div class=\"taxonomy-category has-link-color wp-elements-1650d40ee784534aa037472d17cd5245 wp-block-post-terms\"><a href=\"https:\/\/librairielebazarutopique.fr\/index.php\/category\/actualites\/\" rel=\"tag\">Actualit\u00e9s<\/a><\/div><\/div>\n\n\n<div class=\"is-style-read-more-button wp-block-post-excerpt\"><p class=\"wp-block-post-excerpt__excerpt\">Le mercredi 15 avril \u00e0 19 h, nous aurons l\u2019immense honneur d\u2019accueillir Pinar Selek, sociologue, pour pr\u00e9senter son dernier ouvrage &#8220;Lever la t\u00eate,<\/p><p class=\"wp-block-post-excerpt__more-text\"><a class=\"wp-block-post-excerpt__more-link\" href=\"https:\/\/librairielebazarutopique.fr\/index.php\/2026\/03\/27\/rencontre-dedicace-avec-pinar-selek\/\">Lire plus<\/a><\/p><\/div><\/div>\n\n<\/li><li class=\"wp-block-post post-810 post type-post status-publish format-standard has-post-thumbnail hentry category-actualites\">\n\n<div class=\"wp-block-group is-layout-flow wp-block-group-is-layout-flow\"><figure style=\"height:25vh;\" class=\"wp-block-post-featured-image\"><a href=\"https:\/\/librairielebazarutopique.fr\/index.php\/2026\/03\/27\/philo-pop-le-mercredi-8-avril-2026\/\" target=\"_self\"  style=\"height:25vh\"><img loading=\"lazy\" decoding=\"async\" width=\"310\" height=\"262\" src=\"https:\/\/librairielebazarutopique.fr\/wp-content\/uploads\/2024\/10\/image.png\" class=\"attachment-post-thumbnail size-post-thumbnail wp-post-image\" alt=\"Philo pop le mercredi 29 avril 2026\" style=\"height:25vh;object-fit:cover;\" srcset=\"https:\/\/librairielebazarutopique.fr\/wp-content\/uploads\/2024\/10\/image.png 310w, https:\/\/librairielebazarutopique.fr\/wp-content\/uploads\/2024\/10\/image-300x254.png 300w\" sizes=\"auto, (max-width: 310px) 100vw, 310px\" \/><\/a><\/figure>\n\n<h2 class=\"wp-block-post-title\"><a href=\"https:\/\/librairielebazarutopique.fr\/index.php\/2026\/03\/27\/philo-pop-le-mercredi-8-avril-2026\/\" target=\"_self\" >Philo pop le mercredi 29 avril 2026<\/a><\/h2>\n\n\n<div class=\"wp-block-group has-gray-color has-text-color is-layout-flex wp-container-core-group-is-layout-b5930431 wp-block-group-is-layout-flex\" style=\"margin-top:0.75rem\"><div class=\"has-link-color wp-elements-9bd9074ee846ec112305f0fe352da13e wp-block-post-date\"><time datetime=\"2026-03-27T16:52:05+01:00\"><a href=\"https:\/\/librairielebazarutopique.fr\/index.php\/2026\/03\/27\/philo-pop-le-mercredi-8-avril-2026\/\">27 March 2026<\/a><\/time><\/div>\n\n\n<p>\u2013<\/p>\n\n\n<div class=\"wp-block-post-author\"><div class=\"wp-block-post-author__content\"><p class=\"wp-block-post-author__name\">admin8858<\/p><\/div><\/div>\n\n\n<p>\u2013<\/p>\n\n\n<div class=\"taxonomy-category has-link-color wp-elements-1650d40ee784534aa037472d17cd5245 wp-block-post-terms\"><a href=\"https:\/\/librairielebazarutopique.fr\/index.php\/category\/actualites\/\" rel=\"tag\">Actualit\u00e9s<\/a><\/div><\/div>\n\n\n<div class=\"is-style-read-more-button wp-block-post-excerpt\"><p class=\"wp-block-post-excerpt__excerpt\">Le rendez-vous mensuel du bazar utopique, \u201cPhilo pop\u201d, une soir\u00e9e pour \u00e9changer de mani\u00e8re accessible et simple autour de la philosophie. Le th\u00e8me<\/p><p class=\"wp-block-post-excerpt__more-text\"><a class=\"wp-block-post-excerpt__more-link\" href=\"https:\/\/librairielebazarutopique.fr\/index.php\/2026\/03\/27\/philo-pop-le-mercredi-8-avril-2026\/\">Lire plus<\/a><\/p><\/div><\/div>\n\n<\/li><li class=\"wp-block-post post-808 post type-post status-publish format-standard has-post-thumbnail hentry category-actualites\">\n\n<div class=\"wp-block-group is-layout-flow wp-block-group-is-layout-flow\"><figure style=\"height:25vh;\" class=\"wp-block-post-featured-image\"><a href=\"https:\/\/librairielebazarutopique.fr\/index.php\/2026\/03\/27\/les-histoires-du-bazar-du-samedi-4-avril-2026\/\" target=\"_self\"  style=\"height:25vh\"><img loading=\"lazy\" decoding=\"async\" width=\"1800\" height=\"923\" src=\"https:\/\/librairielebazarutopique.fr\/wp-content\/uploads\/2023\/09\/les-hsitoires-du-bazar-1800x923.jpg\" class=\"attachment-post-thumbnail size-post-thumbnail wp-post-image\" alt=\"Les histoires du bazar du samedi 4 avril 2026\" style=\"height:25vh;object-fit:cover;\" srcset=\"https:\/\/librairielebazarutopique.fr\/wp-content\/uploads\/2023\/09\/les-hsitoires-du-bazar-1800x923.jpg 1800w, https:\/\/librairielebazarutopique.fr\/wp-content\/uploads\/2023\/09\/les-hsitoires-du-bazar-300x154.jpg 300w, https:\/\/librairielebazarutopique.fr\/wp-content\/uploads\/2023\/09\/les-hsitoires-du-bazar-1024x525.jpg 1024w, https:\/\/librairielebazarutopique.fr\/wp-content\/uploads\/2023\/09\/les-hsitoires-du-bazar-768x394.jpg 768w, https:\/\/librairielebazarutopique.fr\/wp-content\/uploads\/2023\/09\/les-hsitoires-du-bazar-1536x787.jpg 1536w, https:\/\/librairielebazarutopique.fr\/wp-content\/uploads\/2023\/09\/les-hsitoires-du-bazar-2048x1050.jpg 2048w\" sizes=\"auto, (max-width: 1800px) 100vw, 1800px\" \/><\/a><\/figure>\n\n<h2 class=\"wp-block-post-title\"><a href=\"https:\/\/librairielebazarutopique.fr\/index.php\/2026\/03\/27\/les-histoires-du-bazar-du-samedi-4-avril-2026\/\" target=\"_self\" >Les histoires du bazar du samedi 4 avril 2026<\/a><\/h2>\n\n\n<div class=\"wp-block-group has-gray-color has-text-color is-layout-flex wp-container-core-group-is-layout-b5930431 wp-block-group-is-layout-flex\" style=\"margin-top:0.75rem\"><div class=\"has-link-color wp-elements-9bd9074ee846ec112305f0fe352da13e wp-block-post-date\"><time datetime=\"2026-03-27T16:49:14+01:00\"><a href=\"https:\/\/librairielebazarutopique.fr\/index.php\/2026\/03\/27\/les-histoires-du-bazar-du-samedi-4-avril-2026\/\">27 March 2026<\/a><\/time><\/div>\n\n\n<p>\u2013<\/p>\n\n\n<div class=\"wp-block-post-author\"><div class=\"wp-block-post-author__content\"><p class=\"wp-block-post-author__name\">admin8858<\/p><\/div><\/div>\n\n\n<p>\u2013<\/p>\n\n\n<div class=\"taxonomy-category has-link-color wp-elements-1650d40ee784534aa037472d17cd5245 wp-block-post-terms\"><a href=\"https:\/\/librairielebazarutopique.fr\/index.php\/category\/actualites\/\" rel=\"tag\">Actualit\u00e9s<\/a><\/div><\/div>\n\n\n<div class=\"is-style-read-more-button wp-block-post-excerpt\"><p class=\"wp-block-post-excerpt__excerpt\">Le samedi 4 avril \u00e0 11 h: \u201cLes histoires du bazar\u201c, lectures de litt\u00e9rature jeunesse, nouveaut\u00e9s et coups de c\u0153ur, pour petits et<\/p><p class=\"wp-block-post-excerpt__more-text\"><a class=\"wp-block-post-excerpt__more-link\" href=\"https:\/\/librairielebazarutopique.fr\/index.php\/2026\/03\/27\/les-histoires-du-bazar-du-samedi-4-avril-2026\/\">Lire plus<\/a><\/p><\/div><\/div>\n\n<\/li><li class=\"wp-block-post post-804 post type-post status-publish format-standard has-post-thumbnail hentry category-actualites\">\n\n<div class=\"wp-block-group is-layout-flow wp-block-group-is-layout-flow\"><figure style=\"height:25vh;\" class=\"wp-block-post-featured-image\"><a href=\"https:\/\/librairielebazarutopique.fr\/index.php\/2026\/02\/28\/rencontre-dedicace-avec-rosario-villajos\/\" target=\"_self\"  style=\"height:25vh\"><img loading=\"lazy\" decoding=\"async\" width=\"1515\" height=\"1000\" src=\"https:\/\/librairielebazarutopique.fr\/wp-content\/uploads\/2026\/02\/c-Ivan-Gimenez-mail-1515x1000.jpg\" class=\"attachment-post-thumbnail size-post-thumbnail wp-post-image\" alt=\"Rencontre d\u00e9dicace avec Rosario Villajos\" style=\"height:25vh;object-fit:cover;\" srcset=\"https:\/\/librairielebazarutopique.fr\/wp-content\/uploads\/2026\/02\/c-Ivan-Gimenez-mail-1515x1000.jpg 1515w, https:\/\/librairielebazarutopique.fr\/wp-content\/uploads\/2026\/02\/c-Ivan-Gimenez-mail-300x198.jpg 300w, https:\/\/librairielebazarutopique.fr\/wp-content\/uploads\/2026\/02\/c-Ivan-Gimenez-mail-1024x676.jpg 1024w, https:\/\/librairielebazarutopique.fr\/wp-content\/uploads\/2026\/02\/c-Ivan-Gimenez-mail-768x507.jpg 768w, https:\/\/librairielebazarutopique.fr\/wp-content\/uploads\/2026\/02\/c-Ivan-Gimenez-mail-1536x1014.jpg 1536w, https:\/\/librairielebazarutopique.fr\/wp-content\/uploads\/2026\/02\/c-Ivan-Gimenez-mail-2048x1352.jpg 2048w\" sizes=\"auto, (max-width: 1515px) 100vw, 1515px\" \/><\/a><\/figure>\n\n<h2 class=\"wp-block-post-title\"><a href=\"https:\/\/librairielebazarutopique.fr\/index.php\/2026\/02\/28\/rencontre-dedicace-avec-rosario-villajos\/\" target=\"_self\" >Rencontre d\u00e9dicace avec Rosario Villajos<\/a><\/h2>\n\n\n<div class=\"wp-block-group has-gray-color has-text-color is-layout-flex wp-container-core-group-is-layout-b5930431 wp-block-group-is-layout-flex\" style=\"margin-top:0.75rem\"><div class=\"has-link-color wp-elements-9bd9074ee846ec112305f0fe352da13e wp-block-post-date\"><time datetime=\"2026-02-28T14:53:16+01:00\"><a href=\"https:\/\/librairielebazarutopique.fr\/index.php\/2026\/02\/28\/rencontre-dedicace-avec-rosario-villajos\/\">28 February 2026<\/a><\/time><\/div>\n\n\n<p>\u2013<\/p>\n\n\n<div class=\"wp-block-post-author\"><div class=\"wp-block-post-author__content\"><p class=\"wp-block-post-author__name\">admin8858<\/p><\/div><\/div>\n\n\n<p>\u2013<\/p>\n\n\n<div class=\"taxonomy-category has-link-color wp-elements-1650d40ee784534aa037472d17cd5245 wp-block-post-terms\"><a href=\"https:\/\/librairielebazarutopique.fr\/index.php\/category\/actualites\/\" rel=\"tag\">Actualit\u00e9s<\/a><\/div><\/div>\n\n\n<div class=\"is-style-read-more-button wp-block-post-excerpt\"><p class=\"wp-block-post-excerpt__excerpt\">Jeudi 19 mars \u00e0 19 h, rencontre d\u00e9dicace avec Rosario Villajos pour son premier roman traduit de l&#8217;espagnol &#8220;L&#8217;\u00e9ducation physique&#8221; aux \u00e9ditions M\u00e9taili\u00e9.<\/p><p class=\"wp-block-post-excerpt__more-text\"><a class=\"wp-block-post-excerpt__more-link\" href=\"https:\/\/librairielebazarutopique.fr\/index.php\/2026\/02\/28\/rencontre-dedicace-avec-rosario-villajos\/\">Lire plus<\/a><\/p><\/div><\/div>\n\n<\/li><li class=\"wp-block-post post-800 post type-post status-publish format-standard has-post-thumbnail hentry category-actualites\">\n\n<div class=\"wp-block-group is-layout-flow wp-block-group-is-layout-flow\"><figure style=\"height:25vh;\" class=\"wp-block-post-featured-image\"><a href=\"https:\/\/librairielebazarutopique.fr\/index.php\/2026\/02\/28\/philo-pop-le-mercredi-18-mars-2026\/\" target=\"_self\"  style=\"height:25vh\"><img loading=\"lazy\" decoding=\"async\" width=\"310\" height=\"262\" src=\"https:\/\/librairielebazarutopique.fr\/wp-content\/uploads\/2023\/12\/Sans-titre.jpg\" class=\"attachment-post-thumbnail size-post-thumbnail wp-post-image\" alt=\"Philo pop le mercredi 18 mars 2026\" style=\"height:25vh;object-fit:cover;\" srcset=\"https:\/\/librairielebazarutopique.fr\/wp-content\/uploads\/2023\/12\/Sans-titre.jpg 310w, https:\/\/librairielebazarutopique.fr\/wp-content\/uploads\/2023\/12\/Sans-titre-300x254.jpg 300w\" sizes=\"auto, (max-width: 310px) 100vw, 310px\" \/><\/a><\/figure>\n\n<h2 class=\"wp-block-post-title\"><a href=\"https:\/\/librairielebazarutopique.fr\/index.php\/2026\/02\/28\/philo-pop-le-mercredi-18-mars-2026\/\" target=\"_self\" >Philo pop le mercredi 18 mars 2026<\/a><\/h2>\n\n\n<div class=\"wp-block-group has-gray-color has-text-color is-layout-flex wp-container-core-group-is-layout-b5930431 wp-block-group-is-layout-flex\" style=\"margin-top:0.75rem\"><div class=\"has-link-color wp-elements-9bd9074ee846ec112305f0fe352da13e wp-block-post-date\"><time datetime=\"2026-02-28T14:44:19+01:00\"><a href=\"https:\/\/librairielebazarutopique.fr\/index.php\/2026\/02\/28\/philo-pop-le-mercredi-18-mars-2026\/\">28 February 2026<\/a><\/time><\/div>\n\n\n<p>\u2013<\/p>\n\n\n<div class=\"wp-block-post-author\"><div class=\"wp-block-post-author__content\"><p class=\"wp-block-post-author__name\">admin8858<\/p><\/div><\/div>\n\n\n<p>\u2013<\/p>\n\n\n<div class=\"taxonomy-category has-link-color wp-elements-1650d40ee784534aa037472d17cd5245 wp-block-post-terms\"><a href=\"https:\/\/librairielebazarutopique.fr\/index.php\/category\/actualites\/\" rel=\"tag\">Actualit\u00e9s<\/a><\/div><\/div>\n\n\n<div class=\"is-style-read-more-button wp-block-post-excerpt\"><p class=\"wp-block-post-excerpt__excerpt\">Le rendez-vous mensuel du bazar utopique, \u201cPhilo pop\u201d, une soir\u00e9e pour \u00e9changer de mani\u00e8re accessible et simple autour de la philosophie. Le th\u00e8me<\/p><p class=\"wp-block-post-excerpt__more-text\"><a class=\"wp-block-post-excerpt__more-link\" href=\"https:\/\/librairielebazarutopique.fr\/index.php\/2026\/02\/28\/philo-pop-le-mercredi-18-mars-2026\/\">Lire plus<\/a><\/p><\/div><\/div>\n\n<\/li><li class=\"wp-block-post post-798 post type-post status-publish format-standard has-post-thumbnail hentry category-actualites\">\n\n<div class=\"wp-block-group is-layout-flow wp-block-group-is-layout-flow\"><figure style=\"height:25vh;\" class=\"wp-block-post-featured-image\"><a href=\"https:\/\/librairielebazarutopique.fr\/index.php\/2026\/02\/28\/les-histoires-du-bazar-du-samedi-15-mars-2026\/\" target=\"_self\"  style=\"height:25vh\"><img loading=\"lazy\" decoding=\"async\" width=\"1800\" height=\"923\" src=\"https:\/\/librairielebazarutopique.fr\/wp-content\/uploads\/2023\/09\/les-hsitoires-du-bazar-1800x923.jpg\" class=\"attachment-post-thumbnail size-post-thumbnail wp-post-image\" alt=\"Les histoires du bazar du samedi 15 mars 2026\" style=\"height:25vh;object-fit:cover;\" srcset=\"https:\/\/librairielebazarutopique.fr\/wp-content\/uploads\/2023\/09\/les-hsitoires-du-bazar-1800x923.jpg 1800w, https:\/\/librairielebazarutopique.fr\/wp-content\/uploads\/2023\/09\/les-hsitoires-du-bazar-300x154.jpg 300w, https:\/\/librairielebazarutopique.fr\/wp-content\/uploads\/2023\/09\/les-hsitoires-du-bazar-1024x525.jpg 1024w, https:\/\/librairielebazarutopique.fr\/wp-content\/uploads\/2023\/09\/les-hsitoires-du-bazar-768x394.jpg 768w, https:\/\/librairielebazarutopique.fr\/wp-content\/uploads\/2023\/09\/les-hsitoires-du-bazar-1536x787.jpg 1536w, https:\/\/librairielebazarutopique.fr\/wp-content\/uploads\/2023\/09\/les-hsitoires-du-bazar-2048x1050.jpg 2048w\" sizes=\"auto, (max-width: 1800px) 100vw, 1800px\" \/><\/a><\/figure>\n\n<h2 class=\"wp-block-post-title\"><a href=\"https:\/\/librairielebazarutopique.fr\/index.php\/2026\/02\/28\/les-histoires-du-bazar-du-samedi-15-mars-2026\/\" target=\"_self\" >Les histoires du bazar du samedi 15 mars 2026<\/a><\/h2>\n\n\n<div class=\"wp-block-group has-gray-color has-text-color is-layout-flex wp-container-core-group-is-layout-b5930431 wp-block-group-is-layout-flex\" style=\"margin-top:0.75rem\"><div class=\"has-link-color wp-elements-9bd9074ee846ec112305f0fe352da13e wp-block-post-date\"><time datetime=\"2026-02-28T14:35:54+01:00\"><a href=\"https:\/\/librairielebazarutopique.fr\/index.php\/2026\/02\/28\/les-histoires-du-bazar-du-samedi-15-mars-2026\/\">28 February 2026<\/a><\/time><\/div>\n\n\n<p>\u2013<\/p>\n\n\n<div class=\"wp-block-post-author\"><div class=\"wp-block-post-author__content\"><p class=\"wp-block-post-author__name\">admin8858<\/p><\/div><\/div>\n\n\n<p>\u2013<\/p>\n\n\n<div class=\"taxonomy-category has-link-color wp-elements-1650d40ee784534aa037472d17cd5245 wp-block-post-terms\"><a href=\"https:\/\/librairielebazarutopique.fr\/index.php\/category\/actualites\/\" rel=\"tag\">Actualit\u00e9s<\/a><\/div><\/div>\n\n\n<div class=\"is-style-read-more-button wp-block-post-excerpt\"><p class=\"wp-block-post-excerpt__excerpt\">Le samedi 15 mars \u00e0 11 h: \u201cLes histoires du bazar\u201c, lectures de litt\u00e9rature jeunesse, nouveaut\u00e9s et coups de c\u0153ur, pour petits et<\/p><p class=\"wp-block-post-excerpt__more-text\"><a class=\"wp-block-post-excerpt__more-link\" href=\"https:\/\/librairielebazarutopique.fr\/index.php\/2026\/02\/28\/les-histoires-du-bazar-du-samedi-15-mars-2026\/\">Lire plus<\/a><\/p><\/div><\/div>\n\n<\/li><\/ul>\n\n\n<div class=\"wp-block-group is-layout-flow wp-container-core-group-is-layout-e8fb3faf wp-block-group-is-layout-flow\" style=\"margin-top:1.25vw;padding-top:0.5rem\">\n<hr class=\"wp-block-separator has-text-color has-light-gray-color has-alpha-channel-opacity has-light-gray-background-color has-background is-style-wide\"\/>\n\n\n<nav class=\"wp-block-query-pagination is-nowrap is-layout-flex wp-container-core-query-pagination-is-layout-6c531013 wp-block-query-pagination-is-layout-flex\" aria-label=\"Pagination\">\n<div class=\"wp-block-query-pagination-numbers\"><span aria-current=\"page\" class=\"page-numbers current\">1<\/span>\n<a class=\"page-numbers\" href=\"?query-1-page=2\">2<\/a>\n<a class=\"page-numbers\" href=\"?query-1-page=3\">3<\/a>\n<span class=\"page-numbers dots\">&hellip;<\/span>\n<a class=\"page-numbers\" href=\"?query-1-page=27\">27<\/a><\/div>\n<\/nav><\/div>\n<\/div>\n<\/div>\n<\/div>\n<\/div>\n\n\n\n<div class=\"wp-block-columns alignwide are-vertically-aligned-center is-style-twentytwentyone-columns-overlap is-layout-flex wp-container-core-columns-is-layout-28f84493 wp-block-columns-is-layout-flex\">\n<div class=\"wp-block-column is-vertically-aligned-center is-layout-flow wp-block-column-is-layout-flow\">\n<div style=\"height:100px\" aria-hidden=\"true\" class=\"wp-block-spacer\"><\/div>\n<\/div>\n\n\n\n<div class=\"wp-block-column is-vertically-aligned-center is-layout-flow wp-block-column-is-layout-flow\">\n<div style=\"height:100px\" aria-hidden=\"true\" class=\"wp-block-spacer\"><\/div>\n<\/div>\n<\/div>\n\n\n\n<div style=\"height:100px\" aria-hidden=\"true\" class=\"wp-block-spacer\"><\/div>\n","protected":false},"excerpt":{"rendered":"","protected":false},"author":1,"featured_media":0,"parent":0,"menu_order":0,"comment_status":"closed","ping_status":"closed","template":"","meta":{"footnotes":""},"class_list":["post-5","page","type-page","status-publish","hentry"],"_links":{"self":[{"href":"https:\/\/librairielebazarutopique.fr\/index.php\/wp-json\/wp\/v2\/pages\/5","targetHints":{"allow":["GET"]}}],"collection":[{"href":"https:\/\/librairielebazarutopique.fr\/index.php\/wp-json\/wp\/v2\/pages"}],"about":[{"href":"https:\/\/librairielebazarutopique.fr\/index.php\/wp-json\/wp\/v2\/types\/page"}],"author":[{"embeddable":true,"href":"https:\/\/librairielebazarutopique.fr\/index.php\/wp-json\/wp\/v2\/users\/1"}],"replies":[{"embeddable":true,"href":"https:\/\/librairielebazarutopique.fr\/index.php\/wp-json\/wp\/v2\/comments?post=5"}],"version-history":[{"count":7,"href":"https:\/\/librairielebazarutopique.fr\/index.php\/wp-json\/wp\/v2\/pages\/5\/revisions"}],"predecessor-version":[{"id":109,"href":"https:\/\/librairielebazarutopique.fr\/index.php\/wp-json\/wp\/v2\/pages\/5\/revisions\/109"}],"wp:attachment":[{"href":"https:\/\/librairielebazarutopique.fr\/index.php\/wp-json\/wp\/v2\/media?parent=5"}],"curies":[{"name":"wp","href":"https:\/\/api.w.org\/{rel}","templated":true}]}}