{"id":2,"date":"2022-09-06T18:28:19","date_gmt":"2022-09-06T16:28:19","guid":{"rendered":"http:\/\/librairielebazarutopique.fr\/?page_id=2"},"modified":"2022-10-15T13:27:21","modified_gmt":"2022-10-15T11:27:21","slug":"page-d-exemple","status":"publish","type":"page","link":"https:\/\/librairielebazarutopique.fr\/index.php\/page-d-exemple\/","title":{"rendered":"Notre librairie"},"content":{"rendered":"\n<p> <\/p>\n\n\n\n<figure class=\"wp-block-image size-large\"><img loading=\"lazy\" decoding=\"async\" width=\"1024\" height=\"341\" src=\"http:\/\/librairielebazarutopique.fr\/wp-content\/uploads\/2022\/10\/photo_2022-10-08_07-23-58-1024x341.jpg\" alt=\"\" class=\"wp-image-50\" srcset=\"https:\/\/librairielebazarutopique.fr\/wp-content\/uploads\/2022\/10\/photo_2022-10-08_07-23-58-1024x341.jpg 1024w, https:\/\/librairielebazarutopique.fr\/wp-content\/uploads\/2022\/10\/photo_2022-10-08_07-23-58-300x100.jpg 300w, https:\/\/librairielebazarutopique.fr\/wp-content\/uploads\/2022\/10\/photo_2022-10-08_07-23-58-768x256.jpg 768w, https:\/\/librairielebazarutopique.fr\/wp-content\/uploads\/2022\/10\/photo_2022-10-08_07-23-58.jpg 1280w\" sizes=\"auto, (max-width: 1024px) 100vw, 1024px\" \/><\/figure>\n\n\n\n<p>Le bazar utopique est une librairie ind\u00e9pendante g\u00e9n\u00e9raliste qui a ouvert \u00e0 Bagneux (92 220) en septembre 2022 dont Amandine Buissonnet et Eric Beynel sont les animateurs.   <\/p>\n\n\n\n<figure class=\"wp-block-image aligncenter size-full is-resized\"><img loading=\"lazy\" decoding=\"async\" src=\"http:\/\/librairielebazarutopique.fr\/wp-content\/uploads\/2022\/10\/310733902_102364209326795_8975816591620057820_n.jpg\" alt=\"\" class=\"wp-image-59\" width=\"326\" height=\"331\" srcset=\"https:\/\/librairielebazarutopique.fr\/wp-content\/uploads\/2022\/10\/310733902_102364209326795_8975816591620057820_n.jpg 843w, https:\/\/librairielebazarutopique.fr\/wp-content\/uploads\/2022\/10\/310733902_102364209326795_8975816591620057820_n-295x300.jpg 295w, https:\/\/librairielebazarutopique.fr\/wp-content\/uploads\/2022\/10\/310733902_102364209326795_8975816591620057820_n-768x780.jpg 768w\" sizes=\"auto, (max-width: 326px) 100vw, 326px\" \/><\/figure>\n\n\n\n<p>Nous voulons faire de notre librairie un espace convivial, accueillant, invitant \u00e0 prendre son temps et \u00e0 pouvoir \u00e9changer. Le lien social est pour nous tr\u00e8s important, et nous avons \u00e0 c\u0153ur de faire de ce lieu un espace chaleureux. Notre librairie est ouverte du mardi au vendredi de 10 h \u00e0 19 h et le samedi de 9 h \u00e0 19 h.<\/p>\n\n\n\n<p><strong>Une offre large&nbsp;: <\/strong>notre fonds de livres est l\u00e0 pour r\u00e9pondre aux demandes et proposer des s\u00e9lections s\u2019adressant au public le plus large possible. Toutefois, ces propositions s\u2019accompagnent d\u2019une s\u00e9lection d\u2019auteurs ou illustrateurs moins connus que nous voulons mettre en avant et faire d\u00e9couvrir. Nous proposons \u00e9galement une offre large, \u00e0 la fois dans les rayons propos\u00e9s, mais aussi dans les prix, pour permettre l\u2019acc\u00e8s au plus grand nombre.<\/p>\n\n\n\n<figure class=\"wp-block-image size-large\"><img loading=\"lazy\" decoding=\"async\" width=\"1024\" height=\"638\" src=\"http:\/\/librairielebazarutopique.fr\/wp-content\/uploads\/2022\/10\/photo_2022-10-08_07-23-59-2-1024x638.jpg\" alt=\"\" class=\"wp-image-55\" srcset=\"https:\/\/librairielebazarutopique.fr\/wp-content\/uploads\/2022\/10\/photo_2022-10-08_07-23-59-2-1024x638.jpg 1024w, https:\/\/librairielebazarutopique.fr\/wp-content\/uploads\/2022\/10\/photo_2022-10-08_07-23-59-2-300x187.jpg 300w, https:\/\/librairielebazarutopique.fr\/wp-content\/uploads\/2022\/10\/photo_2022-10-08_07-23-59-2-768x479.jpg 768w, https:\/\/librairielebazarutopique.fr\/wp-content\/uploads\/2022\/10\/photo_2022-10-08_07-23-59-2.jpg 1080w\" sizes=\"auto, (max-width: 1024px) 100vw, 1024px\" \/><\/figure>\n\n\n\n<p><strong>Un assortiment avec une forte identit\u00e9<\/strong> autour de la litt\u00e9rature, romans de langue fran\u00e7aise et traductions, en grand format et en poches ainsi qu\u2019en litt\u00e9rature jeunesse.<\/p>\n\n\n\n<p>Repr\u00e9sentant l\u2019offre la plus importante de notre librairie, <strong>le fonds de litt\u00e9rature<\/strong> mets en avant sur nos tables les nouveaut\u00e9s, m\u00ealant les meilleures ventes et les choix des libraires, de l\u2019ensemble des rayons litt\u00e9rature fran\u00e7aise, \u00e9trang\u00e8re, polar, science-fiction, th\u00e9\u00e2tre et po\u00e9sie. Les incontournables et classiques de chaque domaine sont aussi accessibles. Nous organisons des rencontres r\u00e9guli\u00e8res avec des auteurs.<\/p>\n\n\n\n<figure class=\"wp-block-image size-large\"><img loading=\"lazy\" decoding=\"async\" width=\"1024\" height=\"576\" src=\"http:\/\/librairielebazarutopique.fr\/wp-content\/uploads\/2022\/10\/photo_2022-10-15_10-05-46-1024x576.jpg\" alt=\"\" class=\"wp-image-56\" srcset=\"https:\/\/librairielebazarutopique.fr\/wp-content\/uploads\/2022\/10\/photo_2022-10-15_10-05-46-1024x576.jpg 1024w, https:\/\/librairielebazarutopique.fr\/wp-content\/uploads\/2022\/10\/photo_2022-10-15_10-05-46-300x169.jpg 300w, https:\/\/librairielebazarutopique.fr\/wp-content\/uploads\/2022\/10\/photo_2022-10-15_10-05-46-768x432.jpg 768w, https:\/\/librairielebazarutopique.fr\/wp-content\/uploads\/2022\/10\/photo_2022-10-15_10-05-46.jpg 1280w\" sizes=\"auto, (max-width: 1024px) 100vw, 1024px\" \/><\/figure>\n\n\n\n<p>Nous disposons d&#8217;<strong>un fonds jeunesse<\/strong> avec un large choix pour toutes les tranches d\u2019\u00e2ges, avec un espace chaleureux et agr\u00e9able permettant d\u2019accueillir des animations, des ateliers et des lectures, qui puisse donner envie aux jeunes clients de s\u2019installer, de prendre leur temps, et rendre cet espace le plus convivial possible.<\/p>\n\n\n\n<figure class=\"wp-block-image size-large\"><img loading=\"lazy\" decoding=\"async\" width=\"576\" height=\"1024\" src=\"http:\/\/librairielebazarutopique.fr\/wp-content\/uploads\/2022\/10\/photo_2022-10-15_09-52-38-2-576x1024.jpg\" alt=\"\" class=\"wp-image-62\" srcset=\"https:\/\/librairielebazarutopique.fr\/wp-content\/uploads\/2022\/10\/photo_2022-10-15_09-52-38-2-576x1024.jpg 576w, https:\/\/librairielebazarutopique.fr\/wp-content\/uploads\/2022\/10\/photo_2022-10-15_09-52-38-2-169x300.jpg 169w, https:\/\/librairielebazarutopique.fr\/wp-content\/uploads\/2022\/10\/photo_2022-10-15_09-52-38-2-563x1000.jpg 563w, https:\/\/librairielebazarutopique.fr\/wp-content\/uploads\/2022\/10\/photo_2022-10-15_09-52-38-2.jpg 720w\" sizes=\"auto, (max-width: 576px) 100vw, 576px\" \/><\/figure>\n\n\n\n<p><strong>En mati\u00e8re de sciences humaines et sociales, <\/strong>nous proposons un choix large permettant de r\u00e9pondre \u00e0 la fois aux besoins des \u00e9tudiants de Bagneux et \u00e0 la forte demande dans ces domaines d\u2019une large part des lectrices et lecteurs qui ont \u00e0 c\u0153ur de mieux comprendre et appr\u00e9hender le monde contemporain, ses enjeux et \u00e9volutions. Nous avons notamment mis en place des rayons sp\u00e9cifiques sur des enjeux contemporains comme le f\u00e9minisme et l&#8217;\u00e9cologie. <\/p>\n\n\n\n<p><strong>Une offre de livres pratiques et beaux arts<\/strong> adapt\u00e9e \u00e0 la saisonnalit\u00e9 des besoins et des demandes.<\/p>\n\n\n\n<p><strong>Le fonds BD et mangas<\/strong> permettra de toucher un large public et notamment les plus jeunes qui aujourd\u2019hui se passionnent pour ces genres qui abordent beaucoup de sujets contemporains et pour lesquels la diversit\u00e9 et la richesse \u00e9ditoriale permettent de proposer un \u00e9ventail tr\u00e8s large et de grande qualit\u00e9.<\/p>\n\n\n\n<p>Dans un premier temps nous proposons un fonds d\u2019environ 10 000 titres qui au fil du temps pourra se d\u00e9velopper.<\/p>\n","protected":false},"excerpt":{"rendered":"<p>Le bazar utopique est une librairie ind\u00e9pendante g\u00e9n\u00e9raliste qui a ouvert \u00e0 Bagneux (92 220) en septembre 2022 dont Amandine Buissonnet et Eric [&hellip;]<\/p>\n","protected":false},"author":1,"featured_media":0,"parent":0,"menu_order":0,"comment_status":"closed","ping_status":"open","template":"","meta":{"footnotes":""},"class_list":["post-2","page","type-page","status-publish","hentry"],"_links":{"self":[{"href":"https:\/\/librairielebazarutopique.fr\/index.php\/wp-json\/wp\/v2\/pages\/2","targetHints":{"allow":["GET"]}}],"collection":[{"href":"https:\/\/librairielebazarutopique.fr\/index.php\/wp-json\/wp\/v2\/pages"}],"about":[{"href":"https:\/\/librairielebazarutopique.fr\/index.php\/wp-json\/wp\/v2\/types\/page"}],"author":[{"embeddable":true,"href":"https:\/\/librairielebazarutopique.fr\/index.php\/wp-json\/wp\/v2\/users\/1"}],"replies":[{"embeddable":true,"href":"https:\/\/librairielebazarutopique.fr\/index.php\/wp-json\/wp\/v2\/comments?post=2"}],"version-history":[{"count":6,"href":"https:\/\/librairielebazarutopique.fr\/index.php\/wp-json\/wp\/v2\/pages\/2\/revisions"}],"predecessor-version":[{"id":99,"href":"https:\/\/librairielebazarutopique.fr\/index.php\/wp-json\/wp\/v2\/pages\/2\/revisions\/99"}],"wp:attachment":[{"href":"https:\/\/librairielebazarutopique.fr\/index.php\/wp-json\/wp\/v2\/media?parent=2"}],"curies":[{"name":"wp","href":"https:\/\/api.w.org\/{rel}","templated":true}]}}